{"id":1385,"date":"2022-09-08T14:29:11","date_gmt":"2022-09-08T11:29:11","guid":{"rendered":"https:\/\/tundra.fi\/keraamikko-keittiomestari-jarmo-pitkanen\/"},"modified":"2022-12-08T08:18:32","modified_gmt":"2022-12-08T06:18:32","slug":"maitre-rotisseur-and-ceramic-artist","status":"publish","type":"page","link":"https:\/\/tundra.fi\/en\/maitre-rotisseur-and-ceramic-artist\/","title":{"rendered":"Ma\u00eetre R\u00f4tisseur and Ceramic Artist"},"content":{"rendered":"<h1>\n<p>Ma\u00eetre R\u00f4tisseur, Ceramic Artist<\/p>\n<\/h1>\n<div>Jarmo Pitk\u00e4nen<\/div>\n<p><img decoding=\"async\" src=\"\/wp-content\/uploads\/2022\/09\/jarmo-syysmaisemassa4.jpg\" alt=\"\"><\/p>\n<ul>\n<li>\n<p><a href=\"https:\/\/puuropreis.nl\/we-waren-in\/landen\/landen-finland\/2433-avontuurlijk-koken-met-jarmo\">Puur op reis: Avontuurlijk koken met Jarmo<\/a><\/p>\n<\/li>\n<li>\n<div>Koillissanomat: Studio Restaurant Tundra presents a new art menu<\/div>\n<\/li>\n<\/ul>\n<div>\n<p><img decoding=\"async\" src=\"https:\/\/tundra.fi\/wp-content\/uploads\/2022\/03\/rotisseurs.png\" alt=\"rotisseurs\" width=\"120\" height=\"121\" class=\"alignright size-full wp-image-138\" srcset=\"https:\/\/tundra.fi\/wp-content\/uploads\/2022\/03\/rotisseurs.png 120w, https:\/\/tundra.fi\/wp-content\/uploads\/2022\/03\/rotisseurs-100x100.png 100w\" sizes=\"(max-width: 120px) 100vw, 120px\" \/><\/p>\n<p>Jarmo Pitk\u00e4nen is both a professional ceramic artist and chef de cuisine. Not only the food, but also the plates and platters of the restaurant are handmade by him.<\/p>\n<p>\u2013 I want to make each meal a unique experience for the customer. Every little detail has been attended to, both in the food and in the tableware, and inspiration for it all is found in the northern nature. The idea is that the different courses of the meal form a unified experience with the surroundings. The artistic experience is formed by the interaction of the environment, design, and food.<\/p>\n<\/div>\n<p><img decoding=\"async\" src=\"\/wp-content\/uploads\/2022\/12\/studioravintola-tundra-ulkokuva.jpg\" alt=\"Studio Restaurant Tundra\"><\/p>\n<div>\n<p>The culinary philosophy of Jarmo Pitk\u00e4nen has been influenced by his many travels. He has lived and worked, and most importantly, absorbed the atmosphere and local flavours in China, Australia, Hungary, and Venezuela.<\/p>\n<p>\u2013 Ceramics and food have both always been an inseparable part of people\u2019s lives, and they are also strongly tied to place. In Tundra, the influence of Kuusamo nature is reflected in the combination of reduced forms and pure flavours. Seasonal change also has a strong presence, due to the availability of seasonal ingredients. However, for me, locality is not only based on traditions but also on their interpretation in today\u2019s world.<\/p>\n<p>Jarmo Pitk\u00e4nen\u2019s northern origins are always present in his work. The Scandinavian purity of line in his sculptures and the simple harmony of flavours in his superb meals provide a visual feast for his customers.<\/p>\n<p><em>I aim at a balance between scent, flavour, and form that will make each Tundra meal a unique experience for the customer.<\/em><\/p>\n<\/div>\n<p><img decoding=\"async\" src=\"https:\/\/tundra.fi\/wp-content\/uploads\/2022\/09\/jarmosign.gif\" alt=\"\"><\/p>\n<p><!--more--><br \/>\n<!-- {\"name\":\"ravintolasivu\",\"type\":\"layout\",\"children\":[{\"name\":\"Hero\",\"type\":\"section\",\"props\":{\"header_transparent\":\"dark\",\"height\":\"full\",\"image\":\"wp-content\\\/uploads\\\/2022\\\/09\\\/chef-jarmo-pitkanen2.jpg\",\"image_position\":\"center-center\",\"image_size\":\"cover\",\"image_width\":\"2560\",\"media_background\":\"rgba(0, 0, 0, 0.3)\",\"media_blend_mode\":\"hard-light\",\"media_overlay\":\"rgba(0, 0, 0, 0.11)\",\"padding\":\"xlarge\",\"style\":\"default\",\"text_color\":\"light\",\"title_breakpoint\":\"xl\",\"title_position\":\"top-left\",\"title_rotation\":\"left\",\"vertical_align\":\"middle\",\"width\":\"xlarge\"},\"children\":[{\"name\":\"\",\"type\":\"row\",\"children\":[{\"name\":\"\",\"type\":\"column\",\"props\":{\"image_position\":\"center-center\",\"media_overlay_gradient\":\"\",\"position_sticky_breakpoint\":\"m\",\"width_medium\":\"1-1\"},\"children\":[{\"name\":\"\",\"type\":\"headline\",\"props\":{\"content\":\"\n\n<p>Ma\\u00eetre R\\u00f4tisseur, Ceramic Artist<\\\/p>\",\"margin\":\"small\",\"text_align\":\"center\",\"title_element\":\"h1\",\"title_style\":\"h4\"}},{\"name\":\"\",\"type\":\"headline\",\"props\":{\"content\":\"Jarmo Pitk\\u00e4nen\",\"margin_remove_top\":true,\"text_align\":\"center\",\"title_element\":\"div\",\"title_style\":\"heading-large\"}}]}]}]},{\"name\":\"About\",\"type\":\"section\",\"props\":{\"image_position\":\"center-center\",\"padding\":\"large\",\"style\":\"default\",\"title\":\"\",\"title_breakpoint\":\"xl\",\"title_position\":\"center-right\",\"title_rotation\":\"left\",\"vertical_align\":\"middle\",\"width\":\"default\"},\"children\":[{\"name\":\"\",\"type\":\"row\",\"props\":{\"column_gap\":\"large\",\"layout\":\"1-3,2-3\",\"row_gap\":\"large\",\"vertical_align\":true},\"children\":[{\"name\":\"\",\"type\":\"column\",\"props\":{\"image_position\":\"center-center\",\"media_overlay_gradient\":\"\",\"position_sticky_breakpoint\":\"m\",\"style\":\"default\",\"width_medium\":\"1-3\"},\"children\":[{\"type\":\"image\",\"props\":{\"image\":\"wp-content\\\/uploads\\\/2022\\\/09\\\/jarmo-syysmaisemassa4.jpg\",\"image_svg_color\":\"emphasis\",\"margin\":\"default\"}},{\"type\":\"list\",\"props\":{\"column_breakpoint\":\"m\",\"image_align\":\"left\",\"image_svg_color\":\"emphasis\",\"image_vertical_align\":true,\"list_element\":\"ul\",\"list_horizontal_separator\":\", \",\"list_style\":\"divider\",\"list_type\":\"vertical\",\"show_image\":true,\"show_link\":true},\"children\":[{\"type\":\"list_item\",\"props\":{\"content\":\"Puur op reis: Avontuurlijk koken met Jarmo\",\"link\":\"https:\\\/\\\/puuropreis.nl\\\/we-waren-in\\\/landen\\\/landen-finland\\\/2433-avontuurlijk-koken-met-jarmo\",\"link_target\":true}},{\"type\":\"list_item\",\"props\":{\"content\":\"Koillissanomat: Studio Restaurant Tundra presents a new art menu\"}}]}]},{\"name\":\"\",\"type\":\"column\",\"props\":{\"image_position\":\"center-center\",\"media_overlay_gradient\":\"\",\"position_sticky_breakpoint\":\"m\",\"vertical_align\":\"middle\",\"width_medium\":\"2-3\"},\"children\":[{\"name\":\"\",\"type\":\"text\",\"props\":{\"block_align\":\"center\",\"column_breakpoint\":\"m\",\"content\":\"\n\n<p><img src=\\\"https:\\\/\\\/tundra.fi\\\/wp-content\\\/uploads\\\/2022\\\/03\\\/rotisseurs.png\\\" alt=\\\"rotisseurs\\\" width=\\\"120\\\" height=\\\"121\\\" class=\\\"alignright size-full wp-image-138\\\" \\\/><\\\/p>\\n\n\n<p>Jarmo Pitk\\u00e4nen is both a professional ceramic artist and chef de cuisine. Not only the food, but also the plates and platters of the restaurant are handmade by him.<\\\/p>\\n\n\n<p>\\u2013 I want to make each meal a unique experience for the customer. Every little detail has been attended to, both in the food and in the tableware, and inspiration for it all is found in the northern nature. The idea is that the different courses of the meal form a unified experience with the surroundings. The artistic experience is formed by the interaction of the environment, design, and food.<\\\/p>\",\"margin\":\"default\"}},{\"type\":\"image\",\"props\":{\"image\":\"wp-content\\\/uploads\\\/2022\\\/12\\\/studioravintola-tundra-ulkokuva.jpg\",\"image_alt\":\"Studio Restaurant Tundra\",\"image_svg_color\":\"emphasis\",\"margin\":\"default\"}},{\"name\":\"\",\"type\":\"text\",\"props\":{\"block_align\":\"center\",\"column_breakpoint\":\"m\",\"content\":\"\n\n<p>The culinary philosophy of Jarmo Pitk\\u00e4nen has been influenced by his many travels. He has lived and worked, and most importantly, absorbed the atmosphere and local flavours in China, Australia, Hungary, and Venezuela.<\\\/p>\\n\n\n<p>\\u2013 Ceramics and food have both always been an inseparable part of people\\u2019s lives, and they are also strongly tied to place. In Tundra, the influence of Kuusamo nature is reflected in the combination of reduced forms and pure flavours. Seasonal change also has a strong presence, due to the availability of seasonal ingredients. However, for me, locality is not only based on traditions but also on their interpretation in today\\u2019s world.<\\\/p>\\n\n\n<p>Jarmo Pitk\\u00e4nen\\u2019s northern origins are always present in his work. The Scandinavian purity of line in his sculptures and the simple harmony of flavours in his superb meals provide a visual feast for his customers.<\\\/p>\\n\n\n<p><em>I aim at a balance between scent, flavour, and form that will make each Tundra meal a unique experience for the customer.<\\\/em><\\\/p>\",\"margin\":\"default\"}},{\"type\":\"image\",\"props\":{\"image\":\"https:\\\/\\\/tundra.fi\\\/wp-content\\\/uploads\\\/2022\\\/09\\\/jarmosign.gif\",\"image_svg_color\":\"emphasis\",\"margin\":\"large\"}}]}]}]}],\"version\":\"3.0.12\",\"yooessentialsVersion\":\"1.8.12\"} --><\/p>\n","protected":false},"excerpt":{"rendered":"<p>Ma\u00eetre R\u00f4tisseur, Ceramic Artist Jarmo Pitk\u00e4nen Puur op reis: Avontuurlijk koken met Jarmo Koillissanomat: Studio Restaurant Tundra presents a new art menu Jarmo Pitk\u00e4nen is both a professional ceramic artist and chef de cuisine. Not only the food, but also the plates and platters of the restaurant are handmade by him. \u2013 I want to [&hellip;]<\/p>\n","protected":false},"author":1,"featured_media":1415,"parent":0,"menu_order":0,"comment_status":"closed","ping_status":"closed","template":"","meta":{"footnotes":""},"class_list":["post-1385","page","type-page","status-publish","has-post-thumbnail","hentry"],"yoast_head":"<!-- This site is optimized with the Yoast SEO plugin v27.3 - https:\/\/yoast.com\/product\/yoast-seo-wordpress\/ -->\n<title>Ma\u00eetre R\u00f4tisseur and Ceramic Artist - Studioravintola Tundra<\/title>\n<meta name=\"description\" content=\"Jarmo Pitk\u00e4nen is both a professional ceramic artist and chef de cuisine. Not only the food, but also the plates and platters of the restaurant are handmade by him.\" \/>\n<meta name=\"robots\" content=\"index, follow, max-snippet:-1, max-image-preview:large, max-video-preview:-1\" \/>\n<link rel=\"canonical\" href=\"https:\/\/tundra.fi\/en\/maitre-rotisseur-and-ceramic-artist\/\" \/>\n<meta property=\"og:locale\" content=\"en_US\" \/>\n<meta property=\"og:type\" content=\"article\" \/>\n<meta property=\"og:title\" content=\"Ma\u00eetre R\u00f4tisseur and Ceramic Artist - Studioravintola Tundra\" \/>\n<meta property=\"og:description\" content=\"Jarmo Pitk\u00e4nen is both a professional ceramic artist and chef de cuisine. Not only the food, but also the plates and platters of the restaurant are handmade by him.\" \/>\n<meta property=\"og:url\" content=\"https:\/\/tundra.fi\/en\/maitre-rotisseur-and-ceramic-artist\/\" \/>\n<meta property=\"og:site_name\" content=\"Studioravintola Tundra\" \/>\n<meta property=\"article:modified_time\" content=\"2022-12-08T06:18:32+00:00\" \/>\n<meta property=\"og:image\" content=\"https:\/\/tundra.fi\/wp-content\/uploads\/2022\/09\/jarmo-syysmaisemassa.jpg\" \/>\n\t<meta property=\"og:image:width\" content=\"1920\" \/>\n\t<meta property=\"og:image:height\" content=\"1080\" \/>\n\t<meta property=\"og:image:type\" content=\"image\/jpeg\" \/>\n<meta name=\"twitter:card\" content=\"summary_large_image\" \/>\n<meta name=\"twitter:label1\" content=\"Est. reading time\" \/>\n\t<meta name=\"twitter:data1\" content=\"4 minutes\" \/>\n<script type=\"application\/ld+json\" class=\"yoast-schema-graph\">{\"@context\":\"https:\\\/\\\/schema.org\",\"@graph\":[{\"@type\":\"WebPage\",\"@id\":\"https:\\\/\\\/tundra.fi\\\/en\\\/maitre-rotisseur-and-ceramic-artist\\\/\",\"url\":\"https:\\\/\\\/tundra.fi\\\/en\\\/maitre-rotisseur-and-ceramic-artist\\\/\",\"name\":\"Ma\u00eetre R\u00f4tisseur and Ceramic Artist - Studioravintola Tundra\",\"isPartOf\":{\"@id\":\"https:\\\/\\\/tundra.fi\\\/en\\\/#website\"},\"primaryImageOfPage\":{\"@id\":\"https:\\\/\\\/tundra.fi\\\/en\\\/maitre-rotisseur-and-ceramic-artist\\\/#primaryimage\"},\"image\":{\"@id\":\"https:\\\/\\\/tundra.fi\\\/en\\\/maitre-rotisseur-and-ceramic-artist\\\/#primaryimage\"},\"thumbnailUrl\":\"https:\\\/\\\/tundra.fi\\\/wp-content\\\/uploads\\\/2022\\\/09\\\/jarmo-syysmaisemassa.jpg\",\"datePublished\":\"2022-09-08T11:29:11+00:00\",\"dateModified\":\"2022-12-08T06:18:32+00:00\",\"description\":\"Jarmo Pitk\u00e4nen is both a professional ceramic artist and chef de cuisine. Not only the food, but also the plates and platters of the restaurant are handmade by him.\",\"breadcrumb\":{\"@id\":\"https:\\\/\\\/tundra.fi\\\/en\\\/maitre-rotisseur-and-ceramic-artist\\\/#breadcrumb\"},\"inLanguage\":\"en-US\",\"potentialAction\":[{\"@type\":\"ReadAction\",\"target\":[\"https:\\\/\\\/tundra.fi\\\/en\\\/maitre-rotisseur-and-ceramic-artist\\\/\"]}]},{\"@type\":\"ImageObject\",\"inLanguage\":\"en-US\",\"@id\":\"https:\\\/\\\/tundra.fi\\\/en\\\/maitre-rotisseur-and-ceramic-artist\\\/#primaryimage\",\"url\":\"https:\\\/\\\/tundra.fi\\\/wp-content\\\/uploads\\\/2022\\\/09\\\/jarmo-syysmaisemassa.jpg\",\"contentUrl\":\"https:\\\/\\\/tundra.fi\\\/wp-content\\\/uploads\\\/2022\\\/09\\\/jarmo-syysmaisemassa.jpg\",\"width\":1920,\"height\":1080},{\"@type\":\"BreadcrumbList\",\"@id\":\"https:\\\/\\\/tundra.fi\\\/en\\\/maitre-rotisseur-and-ceramic-artist\\\/#breadcrumb\",\"itemListElement\":[{\"@type\":\"ListItem\",\"position\":1,\"name\":\"Etusivu\",\"item\":\"https:\\\/\\\/tundra.fi\\\/en\\\/\"},{\"@type\":\"ListItem\",\"position\":2,\"name\":\"Ma\u00eetre R\u00f4tisseur and Ceramic Artist\"}]},{\"@type\":\"WebSite\",\"@id\":\"https:\\\/\\\/tundra.fi\\\/en\\\/#website\",\"url\":\"https:\\\/\\\/tundra.fi\\\/en\\\/\",\"name\":\"Studioravintola Tundra\",\"description\":\"Kuusamo Finland\",\"publisher\":{\"@id\":\"https:\\\/\\\/tundra.fi\\\/en\\\/#organization\"},\"potentialAction\":[{\"@type\":\"SearchAction\",\"target\":{\"@type\":\"EntryPoint\",\"urlTemplate\":\"https:\\\/\\\/tundra.fi\\\/en\\\/?s={search_term_string}\"},\"query-input\":{\"@type\":\"PropertyValueSpecification\",\"valueRequired\":true,\"valueName\":\"search_term_string\"}}],\"inLanguage\":\"en-US\"},{\"@type\":\"Organization\",\"@id\":\"https:\\\/\\\/tundra.fi\\\/en\\\/#organization\",\"name\":\"Studioravintola Tundra\",\"url\":\"https:\\\/\\\/tundra.fi\\\/en\\\/\",\"logo\":{\"@type\":\"ImageObject\",\"inLanguage\":\"en-US\",\"@id\":\"https:\\\/\\\/tundra.fi\\\/en\\\/#\\\/schema\\\/logo\\\/image\\\/\",\"url\":\"https:\\\/\\\/tundra.fi\\\/wp-content\\\/uploads\\\/2022\\\/03\\\/tundra-logo.png\",\"contentUrl\":\"https:\\\/\\\/tundra.fi\\\/wp-content\\\/uploads\\\/2022\\\/03\\\/tundra-logo.png\",\"width\":500,\"height\":500,\"caption\":\"Studioravintola Tundra\"},\"image\":{\"@id\":\"https:\\\/\\\/tundra.fi\\\/en\\\/#\\\/schema\\\/logo\\\/image\\\/\"}}]}<\/script>\n<!-- \/ Yoast SEO plugin. -->","yoast_head_json":{"title":"Ma\u00eetre R\u00f4tisseur and Ceramic Artist - Studioravintola Tundra","description":"Jarmo Pitk\u00e4nen is both a professional ceramic artist and chef de cuisine. Not only the food, but also the plates and platters of the restaurant are handmade by him.","robots":{"index":"index","follow":"follow","max-snippet":"max-snippet:-1","max-image-preview":"max-image-preview:large","max-video-preview":"max-video-preview:-1"},"canonical":"https:\/\/tundra.fi\/en\/maitre-rotisseur-and-ceramic-artist\/","og_locale":"en_US","og_type":"article","og_title":"Ma\u00eetre R\u00f4tisseur and Ceramic Artist - Studioravintola Tundra","og_description":"Jarmo Pitk\u00e4nen is both a professional ceramic artist and chef de cuisine. Not only the food, but also the plates and platters of the restaurant are handmade by him.","og_url":"https:\/\/tundra.fi\/en\/maitre-rotisseur-and-ceramic-artist\/","og_site_name":"Studioravintola Tundra","article_modified_time":"2022-12-08T06:18:32+00:00","og_image":[{"width":1920,"height":1080,"url":"https:\/\/tundra.fi\/wp-content\/uploads\/2022\/09\/jarmo-syysmaisemassa.jpg","type":"image\/jpeg"}],"twitter_card":"summary_large_image","twitter_misc":{"Est. reading time":"4 minutes"},"schema":{"@context":"https:\/\/schema.org","@graph":[{"@type":"WebPage","@id":"https:\/\/tundra.fi\/en\/maitre-rotisseur-and-ceramic-artist\/","url":"https:\/\/tundra.fi\/en\/maitre-rotisseur-and-ceramic-artist\/","name":"Ma\u00eetre R\u00f4tisseur and Ceramic Artist - Studioravintola Tundra","isPartOf":{"@id":"https:\/\/tundra.fi\/en\/#website"},"primaryImageOfPage":{"@id":"https:\/\/tundra.fi\/en\/maitre-rotisseur-and-ceramic-artist\/#primaryimage"},"image":{"@id":"https:\/\/tundra.fi\/en\/maitre-rotisseur-and-ceramic-artist\/#primaryimage"},"thumbnailUrl":"https:\/\/tundra.fi\/wp-content\/uploads\/2022\/09\/jarmo-syysmaisemassa.jpg","datePublished":"2022-09-08T11:29:11+00:00","dateModified":"2022-12-08T06:18:32+00:00","description":"Jarmo Pitk\u00e4nen is both a professional ceramic artist and chef de cuisine. Not only the food, but also the plates and platters of the restaurant are handmade by him.","breadcrumb":{"@id":"https:\/\/tundra.fi\/en\/maitre-rotisseur-and-ceramic-artist\/#breadcrumb"},"inLanguage":"en-US","potentialAction":[{"@type":"ReadAction","target":["https:\/\/tundra.fi\/en\/maitre-rotisseur-and-ceramic-artist\/"]}]},{"@type":"ImageObject","inLanguage":"en-US","@id":"https:\/\/tundra.fi\/en\/maitre-rotisseur-and-ceramic-artist\/#primaryimage","url":"https:\/\/tundra.fi\/wp-content\/uploads\/2022\/09\/jarmo-syysmaisemassa.jpg","contentUrl":"https:\/\/tundra.fi\/wp-content\/uploads\/2022\/09\/jarmo-syysmaisemassa.jpg","width":1920,"height":1080},{"@type":"BreadcrumbList","@id":"https:\/\/tundra.fi\/en\/maitre-rotisseur-and-ceramic-artist\/#breadcrumb","itemListElement":[{"@type":"ListItem","position":1,"name":"Etusivu","item":"https:\/\/tundra.fi\/en\/"},{"@type":"ListItem","position":2,"name":"Ma\u00eetre R\u00f4tisseur and Ceramic Artist"}]},{"@type":"WebSite","@id":"https:\/\/tundra.fi\/en\/#website","url":"https:\/\/tundra.fi\/en\/","name":"Studioravintola Tundra","description":"Kuusamo Finland","publisher":{"@id":"https:\/\/tundra.fi\/en\/#organization"},"potentialAction":[{"@type":"SearchAction","target":{"@type":"EntryPoint","urlTemplate":"https:\/\/tundra.fi\/en\/?s={search_term_string}"},"query-input":{"@type":"PropertyValueSpecification","valueRequired":true,"valueName":"search_term_string"}}],"inLanguage":"en-US"},{"@type":"Organization","@id":"https:\/\/tundra.fi\/en\/#organization","name":"Studioravintola Tundra","url":"https:\/\/tundra.fi\/en\/","logo":{"@type":"ImageObject","inLanguage":"en-US","@id":"https:\/\/tundra.fi\/en\/#\/schema\/logo\/image\/","url":"https:\/\/tundra.fi\/wp-content\/uploads\/2022\/03\/tundra-logo.png","contentUrl":"https:\/\/tundra.fi\/wp-content\/uploads\/2022\/03\/tundra-logo.png","width":500,"height":500,"caption":"Studioravintola Tundra"},"image":{"@id":"https:\/\/tundra.fi\/en\/#\/schema\/logo\/image\/"}}]}},"_links":{"self":[{"href":"https:\/\/tundra.fi\/en\/wp-json\/wp\/v2\/pages\/1385","targetHints":{"allow":["GET"]}}],"collection":[{"href":"https:\/\/tundra.fi\/en\/wp-json\/wp\/v2\/pages"}],"about":[{"href":"https:\/\/tundra.fi\/en\/wp-json\/wp\/v2\/types\/page"}],"author":[{"embeddable":true,"href":"https:\/\/tundra.fi\/en\/wp-json\/wp\/v2\/users\/1"}],"replies":[{"embeddable":true,"href":"https:\/\/tundra.fi\/en\/wp-json\/wp\/v2\/comments?post=1385"}],"version-history":[{"count":0,"href":"https:\/\/tundra.fi\/en\/wp-json\/wp\/v2\/pages\/1385\/revisions"}],"wp:featuredmedia":[{"embeddable":true,"href":"https:\/\/tundra.fi\/en\/wp-json\/wp\/v2\/media\/1415"}],"wp:attachment":[{"href":"https:\/\/tundra.fi\/en\/wp-json\/wp\/v2\/media?parent=1385"}],"curies":[{"name":"wp","href":"https:\/\/api.w.org\/{rel}","templated":true}]}}